{"id":2180,"date":"2023-12-11T05:03:08","date_gmt":"2023-12-11T04:03:08","guid":{"rendered":"https:\/\/security-car.com\/impressum\/"},"modified":"2024-08-11T18:36:53","modified_gmt":"2024-08-11T16:36:53","slug":"impressum","status":"publish","type":"page","link":"https:\/\/security-car.com\/en\/impressum\/","title":{"rendered":"Impressum"},"content":{"rendered":"\t\t<div data-elementor-type=\"wp-page\" data-elementor-id=\"2180\" class=\"elementor elementor-2180 elementor-2113\" data-elementor-post-type=\"page\">\n\t\t\t\t<div class=\"elementor-element elementor-element-f88630e e-flex e-con-boxed e-con e-parent\" data-id=\"f88630e\" data-element_type=\"container\" data-e-type=\"container\" data-settings=\"{&quot;background_background&quot;:&quot;classic&quot;}\">\n\t\t\t\t\t<div class=\"e-con-inner\">\n\t\t<div class=\"elementor-element elementor-element-fcfeede e-con-full e-flex e-con e-child\" data-id=\"fcfeede\" data-element_type=\"container\" data-e-type=\"container\">\n\t\t\t\t<div class=\"elementor-element elementor-element-7e49e8f elementor-widget elementor-widget-heading\" data-id=\"7e49e8f\" data-element_type=\"widget\" data-e-type=\"widget\" data-widget_type=\"heading.default\">\n\t\t\t\t<div class=\"elementor-widget-container\">\n\t\t\t\t\t<h6 class=\"elementor-heading-title elementor-size-default\">F\u00fcr den Inhalt verantwortlich<\/h6>\t\t\t\t<\/div>\n\t\t\t\t<\/div>\n\t\t\t\t<div class=\"elementor-element elementor-element-8dd01e1 elementor-widget elementor-widget-heading\" data-id=\"8dd01e1\" data-element_type=\"widget\" data-e-type=\"widget\" data-widget_type=\"heading.default\">\n\t\t\t\t<div class=\"elementor-widget-container\">\n\t\t\t\t\t<h3 class=\"elementor-heading-title elementor-size-default\">Impressum<\/h3>\t\t\t\t<\/div>\n\t\t\t\t<\/div>\n\t\t\t\t<div class=\"elementor-element elementor-element-ed2de03 elementor-widget elementor-widget-text-editor\" data-id=\"ed2de03\" data-element_type=\"widget\" data-e-type=\"widget\" data-widget_type=\"text-editor.default\">\n\t\t\t\t<div class=\"elementor-widget-container\">\n\t\t\t\t\t\t\t\t\t<p>VALENTIN TUSCH GmbH<br \/>SONDERFAHRZEUGBAU \/ ARMOUR-PLATED VEHICLES<br \/>Plescherken 18<br \/>A-9074 Keutschach<br \/>K\u00e4rnten \u2013 Austria<br \/>Tel &amp; Fax: <a href=\"tel:+43427321007\">+43 (0) 42 73 \/ 21 007<\/a><br \/>Mobil: <a href=\"tel:+436642534388\">+43 (0) 664 \/ 25 34 388<\/a><br \/><a href=\"mailto:valentin.tusch@security-car.com\">valentin.tusch@security-car.com<\/a><\/p>\n<p>Firmenbuchnummer: 318123d<br \/>Firmenbuchgericht: Landesgericht Klagenfurt am W\u00f6rthersee<br \/>UID-Nummer: ATU64499545<br \/>Gerichtsstand: Klagenfurt am W\u00f6rthersee<br \/>Gesch\u00e4ftsf\u00fchrer: Valentin Tusch<br \/>\u00d6NACE Branchennummer: 29200<\/p>\n<p>Technische Umsetzung:<br \/><a href=\"https:\/\/hbr-promotion.com\" target=\"_blank\" rel=\"noopener\">HBR-Promotion<\/a><\/p>\n\t\t\t\t\t\t\t\t<\/div>\n\t\t\t\t<\/div>\n\t\t\t\t<\/div>\n\t\t\t\t\t<\/div>\n\t\t\t\t<\/div>\n\t\t\t\t<\/div>\n\t\t","protected":false},"excerpt":{"rendered":"<p>F\u00fcr den Inhalt verantwortlich Impressum VALENTIN TUSCH GmbHSONDERFAHRZEUGBAU \/ ARMOUR-PLATED VEHICLESPlescherken 18A-9074 KeutschachK\u00e4rnten \u2013 AustriaTel &amp; Fax: +43 (0) 42 73 \/ 21 007Mobil: +43 (0) 664 \/ 25 34 388valentin.tusch@security-car.com Firmenbuchnummer: 318123dFirmenbuchgericht: Landesgericht Klagenfurt am W\u00f6rtherseeUID-Nummer: ATU64499545Gerichtsstand: Klagenfurt am W\u00f6rtherseeGesch\u00e4ftsf\u00fchrer: Valentin Tusch\u00d6NACE Branchennummer: 29200 Technische Umsetzung:HBR-Promotion<\/p>\n","protected":false},"author":1,"featured_media":0,"parent":0,"menu_order":0,"comment_status":"closed","ping_status":"closed","template":"","meta":{"site-sidebar-layout":"no-sidebar","site-content-layout":"page-builder","ast-site-content-layout":"full-width-container","site-content-style":"default","site-sidebar-style":"default","ast-global-header-display":"","ast-banner-title-visibility":"","ast-main-header-display":"","ast-hfb-above-header-display":"","ast-hfb-below-header-display":"","ast-hfb-mobile-header-display":"","site-post-title":"disabled","ast-breadcrumbs-content":"","ast-featured-img":"disabled","footer-sml-layout":"","ast-disable-related-posts":"","theme-transparent-header-meta":"","adv-header-id-meta":"","stick-header-meta":"","header-above-stick-meta":"","header-main-stick-meta":"","header-below-stick-meta":"","astra-migrate-meta-layouts":"default","ast-page-background-enabled":"default","ast-page-background-meta":{"desktop":{"background-color":"","background-image":"","background-repeat":"repeat","background-position":"center center","background-size":"auto","background-attachment":"scroll","background-type":"","background-media":"","overlay-type":"","overlay-color":"","overlay-opacity":"","overlay-gradient":""},"tablet":{"background-color":"","background-image":"","background-repeat":"repeat","background-position":"center center","background-size":"auto","background-attachment":"scroll","background-type":"","background-media":"","overlay-type":"","overlay-color":"","overlay-opacity":"","overlay-gradient":""},"mobile":{"background-color":"","background-image":"","background-repeat":"repeat","background-position":"center center","background-size":"auto","background-attachment":"scroll","background-type":"","background-media":"","overlay-type":"","overlay-color":"","overlay-opacity":"","overlay-gradient":""}},"ast-content-background-meta":{"desktop":{"background-color":"var(--ast-global-color-5)","background-image":"","background-repeat":"repeat","background-position":"center center","background-size":"auto","background-attachment":"scroll","background-type":"","background-media":"","overlay-type":"","overlay-color":"","overlay-opacity":"","overlay-gradient":""},"tablet":{"background-color":"var(--ast-global-color-5)","background-image":"","background-repeat":"repeat","background-position":"center center","background-size":"auto","background-attachment":"scroll","background-type":"","background-media":"","overlay-type":"","overlay-color":"","overlay-opacity":"","overlay-gradient":""},"mobile":{"background-color":"var(--ast-global-color-5)","background-image":"","background-repeat":"repeat","background-position":"center center","background-size":"auto","background-attachment":"scroll","background-type":"","background-media":"","overlay-type":"","overlay-color":"","overlay-opacity":"","overlay-gradient":""}},"footnotes":""},"class_list":["post-2180","page","type-page","status-publish","hentry"],"_links":{"self":[{"href":"https:\/\/security-car.com\/en\/wp-json\/wp\/v2\/pages\/2180","targetHints":{"allow":["GET"]}}],"collection":[{"href":"https:\/\/security-car.com\/en\/wp-json\/wp\/v2\/pages"}],"about":[{"href":"https:\/\/security-car.com\/en\/wp-json\/wp\/v2\/types\/page"}],"author":[{"embeddable":true,"href":"https:\/\/security-car.com\/en\/wp-json\/wp\/v2\/users\/1"}],"replies":[{"embeddable":true,"href":"https:\/\/security-car.com\/en\/wp-json\/wp\/v2\/comments?post=2180"}],"version-history":[{"count":4,"href":"https:\/\/security-car.com\/en\/wp-json\/wp\/v2\/pages\/2180\/revisions"}],"predecessor-version":[{"id":2890,"href":"https:\/\/security-car.com\/en\/wp-json\/wp\/v2\/pages\/2180\/revisions\/2890"}],"wp:attachment":[{"href":"https:\/\/security-car.com\/en\/wp-json\/wp\/v2\/media?parent=2180"}],"curies":[{"name":"wp","href":"https:\/\/api.w.org\/{rel}","templated":true}]}}